{"id":36,"date":"2024-07-16T13:48:55","date_gmt":"2024-07-16T11:48:55","guid":{"rendered":"https:\/\/vivienzala.realsys.eu\/?page_id=36"},"modified":"2024-07-16T13:48:55","modified_gmt":"2024-07-16T11:48:55","slug":"the-new-umoma-opens-its-doors","status":"publish","type":"page","link":"https:\/\/vivienzala.realsys.eu\/","title":{"rendered":"The New UMoMA Opens its Doors"},"content":{"rendered":"<div class=\"wp-block-group alignwide\"><div class=\"wp-block-group__inner-container is-layout-flow wp-block-group-is-layout-flow\"><h2 class=\"has-text-align-center wp-block-heading\">A modern m\u0171v\u00e9szet els\u0151dleges helye \u00c9szak-Sv\u00e9dorsz\u00e1gban. Nyitvatart\u00e1s a ny\u00e1ri h\u00f3napok alatt 10:00 &#8211; 18:00.<\/h2><\/div><\/div><div class=\"wp-block-columns alignwide is-layout-flex wp-container-core-columns-is-layout-1 wp-block-columns-is-layout-flex\"><div class=\"wp-block-column is-layout-flow wp-block-column-is-layout-flow\"><div class=\"wp-block-group\"><div class=\"wp-block-group__inner-container is-layout-flow wp-block-group-is-layout-flow\"><figure class=\"wp-block-image alignfull size-full\"><img decoding=\"async\" src=\"https:\/\/vivienzala.realsys.eu\/wp-content\/themes\/twentytwenty\/assets\/images\/2020-three-quarters-1.png\" alt=\"\" class=\"wp-image-37\"\/><\/figure><h3 class=\"wp-block-heading\">Works and Days<\/h3><p>Augusztus 1. &#8212; December 1.<\/p><div class=\"wp-block-button is-style-outline is-style-outline--5fc13d3e5fe45305d853abc65d1cbf7d\"><a class=\"wp-block-button__link\" href=\"https:\/\/make.wordpress.org\/core\/2019\/09\/27\/block-editor-theme-related-updates-in-wordpress-5-3\/\">B\u0151vebben<\/a><\/div><\/div><\/div><div class=\"wp-block-group\"><div class=\"wp-block-group__inner-container is-layout-flow wp-block-group-is-layout-flow\"><figure class=\"wp-block-image alignfull size-full\"><img decoding=\"async\" src=\"https:\/\/vivienzala.realsys.eu\/wp-content\/themes\/twentytwenty\/assets\/images\/2020-three-quarters-3.png\" alt=\"\" class=\"wp-image-37\"\/><\/figure><h3 class=\"wp-block-heading\">Theatre of Operations<\/h3><p>Okt\u00f3ber 1. &#8212; December 1.<\/p><div class=\"wp-block-button is-style-outline is-style-outline--5fc13d3e5fe45305d853abc65d1cbf7d\"><a class=\"wp-block-button__link\" href=\"https:\/\/make.wordpress.org\/core\/2019\/09\/27\/block-editor-theme-related-updates-in-wordpress-5-3\/\">B\u0151vebben<\/a><\/div><\/div><\/div><\/div><div class=\"wp-block-column is-layout-flow wp-block-column-is-layout-flow\"><div class=\"wp-block-group\"><div class=\"wp-block-group__inner-container is-layout-flow wp-block-group-is-layout-flow\"><figure class=\"wp-block-image alignfull size-full\"><img decoding=\"async\" src=\"https:\/\/vivienzala.realsys.eu\/wp-content\/themes\/twentytwenty\/assets\/images\/2020-three-quarters-2.png\" alt=\"\" class=\"wp-image-37\"\/><\/figure><h3 class=\"wp-block-heading\">Az \u00e9let, amelyet \u00e9rdemlek<\/h3><p>Augusztus 1. &#8212; December 1.<\/p><div class=\"wp-block-button is-style-outline is-style-outline--5fc13d3e5fe45305d853abc65d1cbf7d\"><a class=\"wp-block-button__link\" href=\"https:\/\/make.wordpress.org\/core\/2019\/09\/27\/block-editor-theme-related-updates-in-wordpress-5-3\/\">B\u0151vebben<\/a><\/div><\/div><\/div><div class=\"wp-block-group\"><div class=\"wp-block-group__inner-container is-layout-flow wp-block-group-is-layout-flow\"><figure class=\"wp-block-image alignfull size-full\"><img decoding=\"async\" src=\"https:\/\/vivienzala.realsys.eu\/wp-content\/themes\/twentytwenty\/assets\/images\/2020-three-quarters-4.png\" alt=\"\" class=\"wp-image-37\"\/><\/figure><h3 class=\"wp-block-heading\">Signac-t\u00f3l Matisse-ig<\/h3><p>Okt\u00f3ber 1. &#8212; December 1.<\/p><div class=\"wp-block-button is-style-outline is-style-outline--5fc13d3e5fe45305d853abc65d1cbf7d\"><a class=\"wp-block-button__link\" href=\"https:\/\/make.wordpress.org\/core\/2019\/09\/27\/block-editor-theme-related-updates-in-wordpress-5-3\/\">B\u0151vebben<\/a><\/div><\/div><\/div><\/div><\/div><figure class=\"wp-block-image alignfull size-full\"><img decoding=\"async\" src=\"https:\/\/vivienzala.realsys.eu\/wp-content\/themes\/twentytwenty\/assets\/images\/2020-landscape-2.png\" alt=\"\" class=\"wp-image-37\"\/><\/figure><div class=\"wp-block-group alignwide\"><div class=\"wp-block-group__inner-container is-layout-flow wp-block-group-is-layout-flow\"><h2 class=\"has-accent-color has-text-align-center wp-block-heading\">&#8220;Cyborgs, as the philosopher Donna Haraway established, are not reverent. They do not remember the cosmos.&#8221;<\/h2><\/div><\/div><p class=\"has-drop-cap\">With seven floors of striking architecture, UMoMA shows exhibitions of international contemporary art, sometimes along with art historical retrospectives. Existential, political and philosophical issues are intrinsic to our programme. As visitor you are invited to guided tours artist talks, lectures, film screenings and other events with free admission<\/p><p>The exhibitions are produced by UMoMA in collaboration with artists and museums around the world and they often attract international attention. UMoMA has received a Special Commendation from the European Museum of the Year, and was among the top candidates for the Swedish Museum of the Year Award as well as for the Council of Europe Museum Prize.<\/p><p><\/p><div class=\"wp-block-group alignwide has-background\" style=\"background-color:#ffffff\"><div class=\"wp-block-group__inner-container is-layout-flow wp-block-group-is-layout-flow\"><div class=\"wp-block-group\"><div class=\"wp-block-group__inner-container is-layout-flow wp-block-group-is-layout-flow\"><h2 class=\"has-text-align-center wp-block-heading\">Tagg\u00e1 v\u00e1lni \u00e9s exkluz\u00edv aj\u00e1nlatok r\u00e9szese lenni! Ez az aj\u00e1nlatunk!<\/h2><p class=\"has-text-align-center\">Members get access to exclusive exhibits and sales. Our memberships cost $99.99 and are billed annually.<\/p><div class=\"wp-block-button aligncenter\"><a class=\"wp-block-button__link\" href=\"https:\/\/make.wordpress.org\/core\/2019\/09\/27\/block-editor-theme-related-updates-in-wordpress-5-3\/\">Csatlakoz\u00e1s a Klubba<\/a><\/div><\/div><\/div><\/div><\/div><figure class=\"wp-block-gallery alignwide columns-2 is-cropped wp-block-gallery-1 is-layout-flex wp-block-gallery-is-layout-flex\"><ul class=\"blocks-gallery-grid\"><li class=\"blocks-gallery-item\"><figure><img decoding=\"async\" src=\"https:\/\/vivienzala.realsys.eu\/wp-content\/themes\/twentytwenty\/assets\/images\/2020-square-2.png\" alt=\"\" data-id=\"39\" data-full-url=\"https:\/\/vivienzala.realsys.eu\/wp-content\/themes\/twentytwenty\/assets\/images\/2020-square-2.png\" data-link=\"assets\/images\/2020-square-2\/\" class=\"wp-image-39\"\/><\/figure><\/li><li class=\"blocks-gallery-item\"><figure><img decoding=\"async\" src=\"https:\/\/vivienzala.realsys.eu\/wp-content\/themes\/twentytwenty\/assets\/images\/2020-square-1.png\" alt=\"\" data-id=\"38\" data-full-url=\"https:\/\/vivienzala.realsys.eu\/wp-content\/themes\/twentytwenty\/assets\/images\/2020-square-1.png\" data-link=\"https:\/\/vivienzala.realsys.eu\/wp-content\/themes\/twentytwenty\/assets\/images\/2020-square-1\/\" class=\"wp-image-38\"\/><\/figure><\/li><\/ul><\/figure>","protected":false},"excerpt":{"rendered":"<p>A modern m\u0171v\u00e9szet els\u0151dleges helye \u00c9szak-Sv\u00e9dorsz\u00e1gban. Nyitvatart\u00e1s a ny\u00e1ri h\u00f3napok alatt 10:00 &#8211; 18:00. Works and Days Augusztus 1. &#8212; December 1. Theatre of Operations Okt\u00f3ber 1. &#8212; December 1. Az \u00e9let, amelyet \u00e9rdemlek Augusztus 1. &#8212; December 1. Signac-t\u00f3l Matisse-ig Okt\u00f3ber 1. &#8212; December 1. &#8220;Cyborgs, as the philosopher Donna Haraway established, are not [&hellip;]<\/p>\n","protected":false},"author":1,"featured_media":0,"parent":0,"menu_order":0,"comment_status":"closed","ping_status":"closed","template":"","meta":{"footnotes":""},"class_list":["post-36","page","type-page","status-publish","hentry"],"_links":{"self":[{"href":"https:\/\/vivienzala.realsys.eu\/index.php?rest_route=\/wp\/v2\/pages\/36"}],"collection":[{"href":"https:\/\/vivienzala.realsys.eu\/index.php?rest_route=\/wp\/v2\/pages"}],"about":[{"href":"https:\/\/vivienzala.realsys.eu\/index.php?rest_route=\/wp\/v2\/types\/page"}],"author":[{"embeddable":true,"href":"https:\/\/vivienzala.realsys.eu\/index.php?rest_route=\/wp\/v2\/users\/1"}],"replies":[{"embeddable":true,"href":"https:\/\/vivienzala.realsys.eu\/index.php?rest_route=%2Fwp%2Fv2%2Fcomments&post=36"}],"version-history":[{"count":1,"href":"https:\/\/vivienzala.realsys.eu\/index.php?rest_route=\/wp\/v2\/pages\/36\/revisions"}],"predecessor-version":[{"id":41,"href":"https:\/\/vivienzala.realsys.eu\/index.php?rest_route=\/wp\/v2\/pages\/36\/revisions\/41"}],"wp:attachment":[{"href":"https:\/\/vivienzala.realsys.eu\/index.php?rest_route=%2Fwp%2Fv2%2Fmedia&parent=36"}],"curies":[{"name":"wp","href":"https:\/\/api.w.org\/{rel}","templated":true}]}}